{"id":28,"date":"2025-12-25T22:26:30","date_gmt":"2025-12-25T21:26:30","guid":{"rendered":"http:\/\/rooted-beyond.de\/services\/"},"modified":"2026-02-11T13:50:11","modified_gmt":"2026-02-11T12:50:11","slug":"services","status":"publish","type":"page","link":"https:\/\/rooted-beyond.de\/de\/services\/","title":{"rendered":"Dienstleistungen"},"content":{"rendered":"<div data-elementor-type=\"wp-page\" data-elementor-id=\"28\" class=\"elementor elementor-28\">\n\t\t\t\t<div class=\"elementor-element elementor-element-79337ab3 e-flex e-con-boxed e-con e-parent\" data-id=\"79337ab3\" data-element_type=\"container\" data-e-type=\"container\">\n\t\t\t\t\t<div class=\"e-con-inner\">\n\t\t\t\t<div class=\"elementor-element elementor-element-194f2976 elementor-widget elementor-widget-heading\" data-id=\"194f2976\" data-element_type=\"widget\" data-e-type=\"widget\" data-widget_type=\"heading.default\">\n\t\t\t\t\t<h1 class=\"elementor-heading-title elementor-size-default\">Unsere Dienstleistungen<\/h1>\t\t\t\t<\/div>\n\t\t\t\t<div class=\"elementor-element elementor-element-47d860d6 elementor-widget-divider--view-line elementor-widget elementor-widget-divider\" data-id=\"47d860d6\" data-element_type=\"widget\" data-e-type=\"widget\" data-widget_type=\"divider.default\">\n\t\t\t\t\t\t\t<div class=\"elementor-divider\">\n\t\t\t<span class=\"elementor-divider-separator\">\n\t\t\t\t\t\t<\/span>\n\t\t<\/div>\n\t\t\t\t\t\t<\/div>\n\t\t\t\t<div class=\"elementor-element elementor-element-647280b7 elementor-widget__width-initial elementor-widget-tablet__width-initial elementor-widget elementor-widget-heading\" data-id=\"647280b7\" data-element_type=\"widget\" data-e-type=\"widget\" data-widget_type=\"heading.default\">\n\t\t\t\t\t<h5 class=\"elementor-heading-title elementor-size-default\">Durchdachte Unterst\u00fctzung, die Dich dort abholt, wo Du stehst, und Dir hilft, mit Zuversicht voranzukommen.<\/h5>\t\t\t\t<\/div>\n\t\t\t\t\t<\/div>\n\t\t\t\t<\/div>\n\t\t<div class=\"elementor-element elementor-element-7e361ef8 e-flex e-con-boxed e-con e-parent\" data-id=\"7e361ef8\" data-element_type=\"container\" data-e-type=\"container\" id=\"service1\">\n\t\t\t\t\t<div class=\"e-con-inner\">\n\t\t<div class=\"elementor-element elementor-element-132928fd e-con-full e-flex e-con e-child\" data-id=\"132928fd\" data-element_type=\"container\" data-e-type=\"container\">\n\t\t\t\t<div class=\"elementor-element elementor-element-62b9e50a elementor-widget elementor-widget-heading\" data-id=\"62b9e50a\" data-element_type=\"widget\" data-e-type=\"widget\" data-widget_type=\"heading.default\">\n\t\t\t\t\t<h2 class=\"elementor-heading-title elementor-size-default\">Pers\u00f6nliches Coaching<\/h2>\t\t\t\t<\/div>\n\t\t\t\t<div class=\"elementor-element elementor-element-7f0d478e elementor-widget elementor-widget-text-editor\" data-id=\"7f0d478e\" data-element_type=\"widget\" data-e-type=\"widget\" data-widget_type=\"text-editor.default\">\n\t\t\t\t\t\t\t\t\t<p data-start=\"287\" data-end=\"562\" class=\"translation-block\">Das pers\u00f6nliche Coaching bei Rooted Beyond ist ein 1:1-Raum, der sich ganz an <strong>Deiner einzigartigen Geschichte, Deinen Zielen und Deinen gelebten Erfahrungen<\/strong> orientiert.\n\nWir arbeiten individuell mit Dir, um Klarheit, Selbstvertrauen und innere Sicherheit aufzubauen \u2013 besonders in Phasen von Ver\u00e4nderung, Unsicherheit oder beruflicher Neuorientierung.<\/p><p data-start=\"564\" data-end=\"852\">Unser Coaching unterst\u00fctzt Dich dabei, Dein Identit\u00e4tsgef\u00fchl zu st\u00e4rken, innere Blockaden anzusprechen und praktische Strategien f\u00fcr Deinen beruflichen und pers\u00f6nlichen Weg zu entwickeln. Die Sitzungen sind kultursensibel, queer-bejahend und von Empathie gepr\u00e4gt, damit Du Dich genau so zeigen kannst wie Du bist.<\/p><p data-start=\"854\" data-end=\"1053\">Ganz gleich, ob Du Dich neu orientierst, Selbstzweifel \u00fcberwindest oder Dich auf Deinen n\u00e4chsten Schritt vorbereitest \u2013 das pers\u00f6nliche Coaching bietet Dir einen unterst\u00fctzenden Raum, um innezuhalten, zu reflektieren und mit klarer Intention voranzukommen.<\/p>\t\t\t\t\t\t\t\t<\/div>\n\t\t\t\t<\/div>\n\t\t<div class=\"elementor-element elementor-element-2f14ea25 e-con-full e-flex e-con e-child\" data-id=\"2f14ea25\" data-element_type=\"container\" data-e-type=\"container\" data-settings=\"{&quot;background_background&quot;:&quot;classic&quot;}\">\n\t\t\t\t<\/div>\n\t\t\t\t\t<\/div>\n\t\t\t\t<\/div>\n\t\t<div class=\"elementor-element elementor-element-5957b5a7 e-flex e-con-boxed e-con e-parent\" data-id=\"5957b5a7\" data-element_type=\"container\" data-e-type=\"container\" id=\"service2\">\n\t\t\t\t\t<div class=\"e-con-inner\">\n\t\t<div class=\"elementor-element elementor-element-14ab9ec5 e-con-full e-flex e-con e-child\" data-id=\"14ab9ec5\" data-element_type=\"container\" data-e-type=\"container\">\n\t\t\t\t<div class=\"elementor-element elementor-element-17688e3d elementor-widget elementor-widget-heading\" data-id=\"17688e3d\" data-element_type=\"widget\" data-e-type=\"widget\" data-widget_type=\"heading.default\">\n\t\t\t\t\t<h2 class=\"elementor-heading-title elementor-size-default\">Unterst\u00fctzung bei Orientierung &amp; Integration<\/h2>\t\t\t\t<\/div>\n\t\t\t\t<div class=\"elementor-element elementor-element-78ee4bf8 elementor-widget elementor-widget-text-editor\" data-id=\"78ee4bf8\" data-element_type=\"widget\" data-e-type=\"widget\" data-widget_type=\"text-editor.default\">\n\t\t\t\t\t\t\t\t\t<p data-start=\"1098\" data-end=\"1409\" class=\"translation-block\">Die Orientierungs- und Integrationsunterst\u00fctzung hilft Dir dabei, <strong>Systeme, Erwartungen und \u00dcberg\u00e4nge<\/strong> in einem neuen beruflichen oder sozialen Umfeld besser zu verstehen und selbstbewusst zu navigieren.\n\nDieses Angebot richtet sich besonders an Menschen, die neu in einem Land, einer Kultur oder in institutionellen Strukturen sind und sich von unbekannten Abl\u00e4ufen oder Anforderungen \u00fcberfordert f\u00fchlen.<\/p><p data-start=\"1411\" data-end=\"1680\">Wir unterst\u00fctzen Dich dabei, Prozesse zu verstehen, Deine M\u00f6glichkeiten zu erkennen und Sicherheit im Umgang mit Institutionen, Arbeitspl\u00e4tzen oder Bildungssystemen zu gewinnen. Gleichzeitig stellen wir Deine Identit\u00e4t und Deine Lebenserfahrung in den Mittelpunkt - Integration bedeutet nicht, sich selbst zu verlieren.<\/p><p data-start=\"1682\" data-end=\"1832\">Unser Ziel ist es, dass Du Dich st\u00e4rker verwurzelt, informiert und empowered f\u00fchlst, w\u00e4hrend Du Stabilit\u00e4t und Orientierung aufbaust \u2013 von den ersten Schritten bis hin zu einer langfristigen Integration.<\/p>\t\t\t\t\t\t\t\t<\/div>\n\t\t\t\t<\/div>\n\t\t<div class=\"elementor-element elementor-element-683c8e86 e-con-full e-flex e-con e-child\" data-id=\"683c8e86\" data-element_type=\"container\" data-e-type=\"container\" data-settings=\"{&quot;background_background&quot;:&quot;classic&quot;}\">\n\t\t\t\t<\/div>\n\t\t\t\t\t<\/div>\n\t\t\t\t<\/div>\n\t\t<div class=\"elementor-element elementor-element-38b24392 e-flex e-con-boxed e-con e-parent\" data-id=\"38b24392\" data-element_type=\"container\" data-e-type=\"container\" id=\"service3\">\n\t\t\t\t\t<div class=\"e-con-inner\">\n\t\t<div class=\"elementor-element elementor-element-162e45bf e-con-full e-flex e-con e-child\" data-id=\"162e45bf\" data-element_type=\"container\" data-e-type=\"container\">\n\t\t\t\t<div class=\"elementor-element elementor-element-4aa2e462 elementor-widget elementor-widget-heading\" data-id=\"4aa2e462\" data-element_type=\"widget\" data-e-type=\"widget\" data-widget_type=\"heading.default\">\n\t\t\t\t\t<h2 class=\"elementor-heading-title elementor-size-default\">Karriereunterst\u00fctzung<\/h2>\t\t\t\t<\/div>\n\t\t\t\t<div class=\"elementor-element elementor-element-5ef27139 elementor-widget elementor-widget-text-editor\" data-id=\"5ef27139\" data-element_type=\"widget\" data-e-type=\"widget\" data-widget_type=\"text-editor.default\">\n\t\t\t\t\t\t\t\t\t<p data-start=\"1858\" data-end=\"2126\" class=\"translation-block\">Die Karriereunterst\u00fctzung bei Rooted Beyond hilft Dir, <strong data-start=\"1900\" data-end=\"1958\">einen beruflichen Weg zu gestalten, der wirklich zu Dir passt<\/strong>. Gemeinsam schauen wir auf Deine St\u00e4rken, Erfahrungen und Ziele \u2013 und ber\u00fccksichtigen dabei auch strukturelle H\u00fcrden, Migrationserfahrungen sowie identit\u00e4tsbezogene Herausforderungen.<\/p><p data-start=\"2128\" data-end=\"2356\">Wir unterst\u00fctzen Dich bei Deiner beruflichen Orientierung, im Bewerbungsprozess, bei Deiner professionellen Positionierung sowie bei wichtigen Entscheidungsprozessen.\n\nDabei liegt der Fokus nicht nur auf Deiner Besch\u00e4ftigungsf\u00e4higkeit, sondern vor allem darauf, Umfelder zu finden, in denen Du Dich respektiert, sicher und wertgesch\u00e4tzt f\u00fchlst.<\/p><p data-start=\"2358\" data-end=\"2548\">Dieses Angebot ist ideal f\u00fcr Dich, wenn Du neu in den Arbeitsmarkt eintrittst, Dich beruflich neu orientierst oder Dir mehr Klarheit und Selbstvertrauen f\u00fcr Deinen n\u00e4chsten beruflichen Schritt w\u00fcnschst und das stets mit einem wertsch\u00e4tzenden und ganzheitlichen Ansatz.<\/p>\t\t\t\t\t\t\t\t<\/div>\n\t\t\t\t<\/div>\n\t\t<div class=\"elementor-element elementor-element-4429700b e-con-full e-flex e-con e-child\" data-id=\"4429700b\" data-element_type=\"container\" data-e-type=\"container\" data-settings=\"{&quot;background_background&quot;:&quot;classic&quot;}\">\n\t\t\t\t<\/div>\n\t\t\t\t\t<\/div>\n\t\t\t\t<\/div>\n\t\t<div class=\"elementor-element elementor-element-e20a602 e-flex e-con-boxed e-con e-parent\" data-id=\"e20a602\" data-element_type=\"container\" data-e-type=\"container\">\n\t\t\t\t\t<div class=\"e-con-inner\">\n\t\t\t\t<div class=\"elementor-element elementor-element-7a6d08e elementor-widget-divider--view-line elementor-widget elementor-widget-divider\" data-id=\"7a6d08e\" data-element_type=\"widget\" data-e-type=\"widget\" data-widget_type=\"divider.default\">\n\t\t\t\t\t\t\t<div class=\"elementor-divider\">\n\t\t\t<span class=\"elementor-divider-separator\">\n\t\t\t\t\t\t<\/span>\n\t\t<\/div>\n\t\t\t\t\t\t<\/div>\n\t\t\t\t\t<\/div>\n\t\t\t\t<\/div>\n\t\t<div class=\"elementor-element elementor-element-3b63505 e-flex e-con-boxed e-con e-parent\" data-id=\"3b63505\" data-element_type=\"container\" data-e-type=\"container\">\n\t\t\t\t\t<div class=\"e-con-inner\">\n\t\t<div class=\"elementor-element elementor-element-7669663 e-con-full e-flex e-con e-child\" data-id=\"7669663\" data-element_type=\"container\" data-e-type=\"container\">\n\t\t\t\t<div class=\"elementor-element elementor-element-2f052b6 elementor-widget elementor-widget-heading\" data-id=\"2f052b6\" data-element_type=\"widget\" data-e-type=\"widget\" data-widget_type=\"heading.default\">\n\t\t\t\t\t<h2 class=\"elementor-heading-title elementor-size-default\">Grundlagen des Programms<\/h2>\t\t\t\t<\/div>\n\t\t\t\t<div class=\"elementor-element elementor-element-6d5c0e0 elementor-widget elementor-widget-text-editor\" data-id=\"6d5c0e0\" data-element_type=\"widget\" data-e-type=\"widget\" data-widget_type=\"text-editor.default\">\n\t\t\t\t\t\t\t\t\t<p class=\"translation-block\">Das <b>Rooted Beyond Coaching Programm <\/b> bietet ein sicheres, best\u00e4tigendes und hochgradig personalisiertes 1:1-Coaching speziell f\u00fcr MigrantInnen, queere Menschen und alle, die sich in Deutschland mit intersektionalen Herausforderungen auseinandersetzen.<\/p><p>Die wichtigsten Fakten auf einen Blick:\u00a0<\/p><ul><li aria-level=\"1\" class=\"translation-block\">Das Coaching findet <b>online<\/b> statt und ist auf <b>Deutsch oder Englisch<\/b> m\u00f6glich \u2013 ganz nach Deinen Bed\u00fcrfnissen und Pr\u00e4ferenzen.<\/li><li aria-level=\"1\">Die Coaching-Sitzungen werden geleitet von <b>Thorsten und\/oder Uchenna<\/b> - je nach Bedarf, Themen und Verf\u00fcgbarkeit. .\u00a0<\/li><li aria-level=\"1\" class=\"translation-block\">Das Programm umfasst <b>bis zu 60 Coaching-Einheiten (1 Einheit = 45 Minuten) \u00fcber einen Zeitraum von 15 Wochen mit zwei Sitzungen pro Woche<\/b>, mit der M\u00f6glichkeit, die Dauer flexibel an Deine individuellen Bed\u00fcrfnisse sowie an F\u00f6rderm\u00f6glichkeiten anzupassen.<\/li><li aria-level=\"1\" class=\"translation-block\">Das Coaching kann <b>vollst\u00e4ndig \u00fcber einen AVGS-Gutschein<\/b> der <i>Agentur f\u00fcr Arbeit<\/i> oder des <i>Jobcenters<\/i> finanziert werden und ist damit f\u00fcr berechtigte Teilnehmende <b>kostenfrei<\/b>.<\/li><\/ul><p>Es gibt auch Angebote f\u00fcr <b>Selbstzahler <\/b>mit Rabatten f\u00fcr Coaching-Pakete. Bitte nimm mit uns Kontakt auf, damit wir Dein individuelles Angebot gemeinsam gestalten k\u00f6nnen.<\/p>\t\t\t\t\t\t\t\t<\/div>\n\t\t\t\t<\/div>\n\t\t<div class=\"elementor-element elementor-element-66afe4f e-con-full e-flex e-con e-child\" data-id=\"66afe4f\" data-element_type=\"container\" data-e-type=\"container\" data-settings=\"{&quot;background_background&quot;:&quot;classic&quot;}\">\n\t\t\t\t<\/div>\n\t\t\t\t\t<\/div>\n\t\t\t\t<\/div>\n\t\t<div class=\"elementor-element elementor-element-7868886 e-flex e-con-boxed e-con e-parent\" data-id=\"7868886\" data-element_type=\"container\" data-e-type=\"container\">\n\t\t\t\t\t<div class=\"e-con-inner\">\n\t\t\t\t<div class=\"elementor-element elementor-element-40e9be10 elementor-widget elementor-widget-heading\" data-id=\"40e9be10\" data-element_type=\"widget\" data-e-type=\"widget\" data-widget_type=\"heading.default\">\n\t\t\t\t\t<h2 class=\"elementor-heading-title elementor-size-default\">Du suchst nach Unterst\u00fctzung, die wirklich zu Dir passt?<\/h2>\t\t\t\t<\/div>\n\t\t\t\t<div class=\"elementor-element elementor-element-9dc919a elementor-widget__width-initial elementor-widget elementor-widget-text-editor\" data-id=\"9dc919a\" data-element_type=\"widget\" data-e-type=\"widget\" data-widget_type=\"text-editor.default\">\n\t\t\t\t\t\t\t\t\t<p>Unser Coaching bietet Dir Raum, Klarheit und Orientierung \u2013 individuell auf Deine Situation abgestimmt.<br data-start=\"789\" data-end=\"792\" \/>Lass uns dar\u00fcber sprechen, wie eine passende Unterst\u00fctzung f\u00fcr Dich aussehen k\u00f6nnte.<\/p>\t\t\t\t\t\t\t\t<\/div>\n\t\t\t\t<div class=\"elementor-element elementor-element-1d354ac1 elementor-align-center elementor-invisible elementor-widget elementor-widget-button\" data-id=\"1d354ac1\" data-element_type=\"widget\" data-e-type=\"widget\" data-settings=\"{&quot;_animation&quot;:&quot;fadeInDown&quot;}\" data-widget_type=\"button.default\">\n\t\t\t\t\t\t\t\t\t\t<a class=\"elementor-button elementor-button-link elementor-size-sm\" href=\"http:\/\/rooted-beyond.de\/de\/contact-us\/\">\n\t\t\t\t\t\t<span class=\"elementor-button-content-wrapper\">\n\t\t\t\t\t\t\t\t\t<span class=\"elementor-button-text\">Kontakt aufnehmen<\/span>\n\t\t\t\t\t<\/span>\n\t\t\t\t\t<\/a>\n\t\t\t\t\t\t\t\t<\/div>\n\t\t\t\t\t<\/div>\n\t\t\t\t<\/div>\n\t\t\t\t<\/div>","protected":false},"excerpt":{"rendered":"<p>Unsere Dienstleistungen Durchdachte Unterst\u00fctzung, die Sie dort abholt, wo Sie stehen, und Ihnen hilft, mit Zuversicht voranzukommen. Pers\u00f6nliches Coaching Pers\u00f6nliches Coaching bei Rooted Beyond ist ein Raum f\u00fcr Einzelgespr\u00e4che, der sich an Ihrer einzigartigen Geschichte, Ihren Zielen und Ihren Erfahrungen orientiert. Wir arbeiten mit Ihnen individuell, um Klarheit, Zuversicht und Selbstvertrauen zu schaffen - vor allem in Momenten der...<\/p>","protected":false},"author":1,"featured_media":31,"parent":0,"menu_order":0,"comment_status":"closed","ping_status":"closed","template":"elementor_header_footer","meta":{"_kadence_starter_templates_imported_post":false,"_kad_post_transparent":"","_kad_post_title":"","_kad_post_layout":"","_kad_post_sidebar_id":"","_kad_post_content_style":"","_kad_post_vertical_padding":"","_kad_post_feature":"","_kad_post_feature_position":"","_kad_post_header":false,"_kad_post_footer":false,"_kad_post_classname":"","footnotes":""},"class_list":["post-28","page","type-page","status-publish","has-post-thumbnail","hentry"],"_links":{"self":[{"href":"https:\/\/rooted-beyond.de\/de\/wp-json\/wp\/v2\/pages\/28","targetHints":{"allow":["GET"]}}],"collection":[{"href":"https:\/\/rooted-beyond.de\/de\/wp-json\/wp\/v2\/pages"}],"about":[{"href":"https:\/\/rooted-beyond.de\/de\/wp-json\/wp\/v2\/types\/page"}],"author":[{"embeddable":true,"href":"https:\/\/rooted-beyond.de\/de\/wp-json\/wp\/v2\/users\/1"}],"replies":[{"embeddable":true,"href":"https:\/\/rooted-beyond.de\/de\/wp-json\/wp\/v2\/comments?post=28"}],"version-history":[{"count":10,"href":"https:\/\/rooted-beyond.de\/de\/wp-json\/wp\/v2\/pages\/28\/revisions"}],"predecessor-version":[{"id":437,"href":"https:\/\/rooted-beyond.de\/de\/wp-json\/wp\/v2\/pages\/28\/revisions\/437"}],"wp:featuredmedia":[{"embeddable":true,"href":"https:\/\/rooted-beyond.de\/de\/wp-json\/wp\/v2\/media\/31"}],"wp:attachment":[{"href":"https:\/\/rooted-beyond.de\/de\/wp-json\/wp\/v2\/media?parent=28"}],"curies":[{"name":"wp","href":"https:\/\/api.w.org\/{rel}","templated":true}]}}