{"id":32,"date":"2025-12-25T22:26:30","date_gmt":"2025-12-25T21:26:30","guid":{"rendered":"http:\/\/rooted-beyond.de\/about\/"},"modified":"2026-02-12T14:38:15","modified_gmt":"2026-02-12T13:38:15","slug":"about","status":"publish","type":"page","link":"https:\/\/rooted-beyond.de\/de\/about\/","title":{"rendered":"\u00dcber"},"content":{"rendered":"<div data-elementor-type=\"wp-page\" data-elementor-id=\"32\" class=\"elementor elementor-32\">\n\t\t\t\t<div class=\"elementor-element elementor-element-2ec9d630 e-con-full e-flex e-con e-parent\" data-id=\"2ec9d630\" data-element_type=\"container\" data-e-type=\"container\">\n\t\t<div class=\"elementor-element elementor-element-496edb39 e-con-full e-flex e-con e-child\" data-id=\"496edb39\" data-element_type=\"container\" data-e-type=\"container\">\n\t\t\t\t<div class=\"elementor-element elementor-element-3353e39a elementor-widget elementor-widget-heading\" data-id=\"3353e39a\" data-element_type=\"widget\" data-e-type=\"widget\" data-widget_type=\"heading.default\">\n\t\t\t\t\t<h1 class=\"elementor-heading-title elementor-size-default\">\u00dcber uns<\/h1>\t\t\t\t<\/div>\n\t\t\t\t<div class=\"elementor-element elementor-element-21d3c373 elementor-widget-divider--view-line elementor-widget elementor-widget-divider\" data-id=\"21d3c373\" data-element_type=\"widget\" data-e-type=\"widget\" data-widget_type=\"divider.default\">\n\t\t\t\t\t\t\t<div class=\"elementor-divider\">\n\t\t\t<span class=\"elementor-divider-separator\">\n\t\t\t\t\t\t<\/span>\n\t\t<\/div>\n\t\t\t\t\t\t<\/div>\n\t\t\t\t<div class=\"elementor-element elementor-element-4a2fa918 elementor-widget__width-initial elementor-widget elementor-widget-text-editor\" data-id=\"4a2fa918\" data-element_type=\"widget\" data-e-type=\"widget\" data-widget_type=\"text-editor.default\">\n\t\t\t\t\t\t\t\t\t<p data-start=\"161\" data-end=\"269\">Rooted Beyond wurde mit der Absicht gegr\u00fcndet, einen sicheren, bejahenden Raum f\u00fcr Wachstum und Orientierung zu schaffen.<\/p><p data-start=\"271\" data-end=\"607\">Wir unterst\u00fctzen queere Menschen und Menschen mit Migrationshintergrund bei der Bew\u00e4ltigung ihrer beruflichen Laufbahn, bei Identit\u00e4tsfragen und bei der Bew\u00e4ltigung von Lebens\u00fcberg\u00e4ngen in anderen Kulturen. Unsere Arbeit basiert auf kultureller Sensibilit\u00e4t, Vertrauen und echter menschlicher Verbundenheit. Wir nehmen uns die Zeit, die individuellen Erfahrungen zu verstehen und bieten ein pers\u00f6nliches, respektvolles und ermutigendes Coaching an.<\/p><p data-start=\"609\" data-end=\"852\">Wir von Rooted Beyond sind davon \u00fcberzeugt, dass sinnvolles Wachstum dann stattfindet, wenn Menschen ein Gef\u00fchl der Zugeh\u00f6rigkeit und des Vertrauens in das, was sie sind, haben. Unser Ansatz konzentriert sich auf Klarheit, Selbstvertrauen und nachhaltige Entwicklung - jenseits von Grenzen, Etiketten und Einschr\u00e4nkungen.<\/p><p data-start=\"854\" data-end=\"890\">Du musst das nicht allein bew\u00e4ltigen.<\/p>\t\t\t\t\t\t\t\t<\/div>\n\t\t\t\t<\/div>\n\t\t<div class=\"elementor-element elementor-element-2ca5d2c0 e-con-full e-flex e-con e-child\" data-id=\"2ca5d2c0\" data-element_type=\"container\" data-e-type=\"container\" data-settings=\"{&quot;background_background&quot;:&quot;classic&quot;}\">\n\t\t\t\t<\/div>\n\t\t\t\t<\/div>\n\t\t<div class=\"elementor-element elementor-element-771db64c e-con-full e-flex e-con e-parent\" data-id=\"771db64c\" data-element_type=\"container\" data-e-type=\"container\">\n\t\t<div class=\"elementor-element elementor-element-94cc8e e-con-full e-flex e-con e-child\" data-id=\"94cc8e\" data-element_type=\"container\" data-e-type=\"container\">\n\t\t\t\t<div class=\"elementor-element elementor-element-4172f58f elementor-pagination-position-inside elementor-widget elementor-widget-image-carousel\" data-id=\"4172f58f\" data-element_type=\"widget\" data-e-type=\"widget\" data-settings=\"{&quot;slides_to_show&quot;:&quot;1&quot;,&quot;navigation&quot;:&quot;dots&quot;,&quot;pause_on_hover&quot;:&quot;no&quot;,&quot;pause_on_interaction&quot;:&quot;no&quot;,&quot;autoplay&quot;:&quot;yes&quot;,&quot;autoplay_speed&quot;:5000,&quot;infinite&quot;:&quot;yes&quot;,&quot;effect&quot;:&quot;slide&quot;,&quot;speed&quot;:500}\" data-widget_type=\"image-carousel.default\">\n\t\t\t\t\t\t\t<div class=\"elementor-image-carousel-wrapper swiper\" role=\"region\" aria-roledescription=\"carousel\" aria-label=\"Bild Karussell\" dir=\"ltr\">\n\t\t\t<div class=\"elementor-image-carousel swiper-wrapper swiper-image-stretch\" aria-live=\"off\">\n\t\t\t\t\t\t\t\t<div class=\"swiper-slide\" role=\"group\" aria-roledescription=\"slide\" aria-label=\"1 von 3\"><figure class=\"swiper-slide-inner\"><img decoding=\"async\" class=\"swiper-slide-image\" src=\"https:\/\/rooted-beyond.de\/wp-content\/uploads\/2025\/12\/About-1.webp\" alt=\"About 1\" \/><\/figure><\/div><div class=\"swiper-slide\" role=\"group\" aria-roledescription=\"slide\" aria-label=\"2 von 3\"><figure class=\"swiper-slide-inner\"><img decoding=\"async\" class=\"swiper-slide-image\" src=\"https:\/\/rooted-beyond.de\/wp-content\/uploads\/2025\/12\/About-2.webp\" alt=\"About 2\" \/><\/figure><\/div><div class=\"swiper-slide\" role=\"group\" aria-roledescription=\"slide\" aria-label=\"3 von 3\"><figure class=\"swiper-slide-inner\"><img decoding=\"async\" class=\"swiper-slide-image\" src=\"https:\/\/rooted-beyond.de\/wp-content\/uploads\/2025\/12\/About-3.webp\" alt=\"About 3\" \/><\/figure><\/div>\t\t\t<\/div>\n\t\t\t\t\t\t\t\n\t\t\t\t\t\t\t\t\t<div class=\"swiper-pagination\"><\/div>\n\t\t\t\t\t\t\t\t\t<\/div>\n\t\t\t\t\t\t<\/div>\n\t\t\t\t<\/div>\n\t\t<div class=\"elementor-element elementor-element-5c54cbf4 e-con-full e-flex e-con e-child\" data-id=\"5c54cbf4\" data-element_type=\"container\" data-e-type=\"container\">\n\t\t\t\t<div class=\"elementor-element elementor-element-3349bbd0 elementor-widget elementor-widget-heading\" data-id=\"3349bbd0\" data-element_type=\"widget\" data-e-type=\"widget\" data-widget_type=\"heading.default\">\n\t\t\t\t\t<h2 class=\"elementor-heading-title elementor-size-default\">Unsere Vision<\/h2>\t\t\t\t<\/div>\n\t\t\t\t<div class=\"elementor-element elementor-element-fb77d95 elementor-widget__width-initial elementor-widget elementor-widget-text-editor\" data-id=\"fb77d95\" data-element_type=\"widget\" data-e-type=\"widget\" data-widget_type=\"text-editor.default\">\n\t\t\t\t\t\t\t\t\t<p>Wir stellen uns eine Zukunft vor, in der Zugeh\u00f6rigkeit, Wachstum und Bef\u00e4higung f\u00fcr jeden zug\u00e4nglich sind. Rooted Beyond steht f\u00fcr Beratung jenseits von Grenzen und Beschr\u00e4nkungen und unterst\u00fctzt Menschen dabei, ihren Weg mit Vertrauen und Authentizit\u00e4t zu gestalten.<\/p>\t\t\t\t\t\t\t\t<\/div>\n\t\t\t\t<div class=\"elementor-element elementor-element-1e9515da elementor-widget elementor-widget-testimonial\" data-id=\"1e9515da\" data-element_type=\"widget\" data-e-type=\"widget\" data-widget_type=\"testimonial.default\">\n\t\t\t\t\t\t\t<div class=\"elementor-testimonial-wrapper\">\n\t\t\t\t\t\t\t<div class=\"elementor-testimonial-content\">\u201cBei unserer Arbeit geht es darum, R\u00e4ume zu schaffen, in denen Menschen \u00fcber ihre Grenzen hinauswachsen und gleichzeitig tief in ihrem Wesen verwurzelt bleiben k\u00f6nnen.<\/div>\n\t\t\t\n\t\t\t\t\t\t<div class=\"elementor-testimonial-meta\">\n\t\t\t\t<div class=\"elementor-testimonial-meta-inner\">\n\t\t\t\t\t\n\t\t\t\t\t\t\t\t\t\t<div class=\"elementor-testimonial-details\">\n\t\t\t\t\t\t\t\t\t\t\t\t\t\t<div class=\"elementor-testimonial-name\">- Uchenna Jonas &amp; Thorsten L\u00f6ffler<\/div>\n\t\t\t\t\t\t\t\t\t\t\t\t\t\t\t\t\t\t\t<\/div>\n\t\t\t\t\t\t\t\t\t<\/div>\n\t\t\t<\/div>\n\t\t\t\t\t<\/div>\n\t\t\t\t\t\t<\/div>\n\t\t\t\t<\/div>\n\t\t\t\t<\/div>\n\t\t<div class=\"elementor-element elementor-element-761672d3 e-con-full e-flex e-con e-parent\" data-id=\"761672d3\" data-element_type=\"container\" data-e-type=\"container\">\n\t\t\t\t<div class=\"elementor-element elementor-element-6a5ba7bc elementor-widget elementor-widget-heading\" data-id=\"6a5ba7bc\" data-element_type=\"widget\" data-e-type=\"widget\" data-widget_type=\"heading.default\">\n\t\t\t\t\t<h2 class=\"elementor-heading-title elementor-size-default\">Unser Team<\/h2>\t\t\t\t<\/div>\n\t\t<div class=\"elementor-element elementor-element-1798d1c1 e-con-full e-flex e-con e-child\" data-id=\"1798d1c1\" data-element_type=\"container\" data-e-type=\"container\">\n\t\t<div class=\"elementor-element elementor-element-594d98bf e-con-full e-flex e-con e-child\" data-id=\"594d98bf\" data-element_type=\"container\" data-e-type=\"container\">\n\t\t\t\t<div class=\"elementor-element elementor-element-7d3fd17e elementor-position-top elementor-widget elementor-widget-image-box\" data-id=\"7d3fd17e\" data-element_type=\"widget\" data-e-type=\"widget\" data-widget_type=\"image-box.default\">\n\t\t\t\t\t<div class=\"elementor-image-box-wrapper\"><figure class=\"elementor-image-box-img\"><img fetchpriority=\"high\" decoding=\"async\" width=\"1280\" height=\"1920\" src=\"https:\/\/rooted-beyond.de\/wp-content\/uploads\/2025\/12\/R3W19626_edited-scaled.webp\" class=\"attachment-full size-full wp-image-178\" alt=\"\" srcset=\"https:\/\/rooted-beyond.de\/wp-content\/uploads\/2025\/12\/R3W19626_edited-scaled.webp 1280w, https:\/\/rooted-beyond.de\/wp-content\/uploads\/2025\/12\/R3W19626_edited-200x300.webp 200w, https:\/\/rooted-beyond.de\/wp-content\/uploads\/2025\/12\/R3W19626_edited-683x1024.webp 683w, https:\/\/rooted-beyond.de\/wp-content\/uploads\/2025\/12\/R3W19626_edited-768x1152.webp 768w, https:\/\/rooted-beyond.de\/wp-content\/uploads\/2025\/12\/R3W19626_edited-1024x1536.webp 1024w\" sizes=\"(max-width: 1280px) 100vw, 1280px\" \/><\/figure><div class=\"elementor-image-box-content\"><h3 class=\"elementor-image-box-title\">Thorsten L\u00f6ffler<\/h3><p class=\"elementor-image-box-description\">Gr\u00fcnder\n\n<\/p><\/div><\/div>\t\t\t\t<\/div>\n\t\t\t\t<div class=\"elementor-element elementor-element-80d933f elementor-widget__width-initial elementor-widget elementor-widget-text-editor\" data-id=\"80d933f\" data-element_type=\"widget\" data-e-type=\"widget\" data-widget_type=\"text-editor.default\">\n\t\t\t\t\t\t\t\t\t<p><strong>Thorsten<\/strong> ist der Gr\u00fcnder und Coach von Rooted Beyond. Er unterst\u00fctzt queere Menschen und Migranten dabei, ihre Identit\u00e4t zu st\u00e4rken und selbstbewusst ihren Platz in der Gesellschaft und im Berufsleben zu behaupten. Aus eigener Erfahrung wei\u00df er, wie anstrengend und entm\u00fcndigend toxische Arbeitsumgebungen sein k\u00f6nnen.<\/p><p>Seine Mission ist es, Klienten zu bef\u00e4higen, ein Umfeld zu finden - und zu schaffen -, das wirklich mit ihnen \u00fcbereinstimmt. Thorstens Coaching-Ansatz ist queer-affirmativ, interkulturell sensibel und ressourcenorientiert und bietet einen unterst\u00fctzenden und erm\u00e4chtigenden Raum f\u00fcr nachhaltiges pers\u00f6nliches und berufliches Wachstum.<\/p><p>Thorsten hat eine Ausbildung zum Integralen Coach an der Universit\u00e4t Kapstadt absolviert und verf\u00fcgt \u00fcber einen Associate Certified Coach (ACC) der International Coaching Federation. Bevor er sich selbst\u00e4ndig machte, arbeitete er als Integrationsbeauftragter f\u00fcr ein gro\u00dfes Facility Management Unternehmen in Berlin. Nachdem er mehrere Jahre in S\u00fcdafrika gelebt hat, arbeitet er weiterhin international als Trainer und Coach in S\u00fcdafrika und Namibia.<\/p><p>Dar\u00fcber hinaus verf\u00fcgt er \u00fcber mehrj\u00e4hrige Berufserfahrung in den Bereichen Recruiting und Personaldienstleistungen sowie \u00fcber einen Abschluss in Wirtschaftswissenschaften mit Schwerpunkt Personalwesen.<\/p>\t\t\t\t\t\t\t\t<\/div>\n\t\t\t\t<\/div>\n\t\t<div class=\"elementor-element elementor-element-2c8107eb e-con-full e-flex e-con e-child\" data-id=\"2c8107eb\" data-element_type=\"container\" data-e-type=\"container\">\n\t\t\t\t<div class=\"elementor-element elementor-element-2c5cdcb2 elementor-position-top elementor-widget elementor-widget-image-box\" data-id=\"2c5cdcb2\" data-element_type=\"widget\" data-e-type=\"widget\" data-widget_type=\"image-box.default\">\n\t\t\t\t\t<div class=\"elementor-image-box-wrapper\"><figure class=\"elementor-image-box-img\"><img decoding=\"async\" width=\"1280\" height=\"1920\" src=\"https:\/\/rooted-beyond.de\/wp-content\/uploads\/2025\/12\/R3W19326_edited-scaled.webp\" class=\"attachment-full size-full wp-image-177\" alt=\"\" srcset=\"https:\/\/rooted-beyond.de\/wp-content\/uploads\/2025\/12\/R3W19326_edited-scaled.webp 1280w, https:\/\/rooted-beyond.de\/wp-content\/uploads\/2025\/12\/R3W19326_edited-200x300.webp 200w, https:\/\/rooted-beyond.de\/wp-content\/uploads\/2025\/12\/R3W19326_edited-683x1024.webp 683w, https:\/\/rooted-beyond.de\/wp-content\/uploads\/2025\/12\/R3W19326_edited-768x1152.webp 768w, https:\/\/rooted-beyond.de\/wp-content\/uploads\/2025\/12\/R3W19326_edited-1024x1536.webp 1024w\" sizes=\"(max-width: 1280px) 100vw, 1280px\" \/><\/figure><div class=\"elementor-image-box-content\"><h3 class=\"elementor-image-box-title\">Uchenna Jonas<\/h3><p class=\"elementor-image-box-description\">Mitbegr\u00fcnder<\/p><\/div><\/div>\t\t\t\t<\/div>\n\t\t\t\t<div class=\"elementor-element elementor-element-1c88fc2 elementor-widget__width-initial elementor-widget elementor-widget-text-editor\" data-id=\"1c88fc2\" data-element_type=\"widget\" data-e-type=\"widget\" data-widget_type=\"text-editor.default\">\n\t\t\t\t\t\t\t\t\t<p><strong>Uchenna Jonas<\/strong> ist ein Berliner Diversity Marketing Coach und ein erfahrener Social Media Marketing Experte. Nach seinem Studium der Internationalen Betriebswirtschaftslehre sammelte er umfangreiche praktische Erfahrungen als Marketing Manager in einem Berliner Start-up, wo er seine Expertise in den Bereichen E-Commerce und Kundenakquise \u00fcber Social Media vertiefte.<\/p><p>Inspirierende Aufenthalte in S\u00fcdkorea und Frankreich sowie seine Ausbildung zum IHK-zertifizierten Business Coach haben sein Verst\u00e4ndnis von Vielfalt, Empowerment und pers\u00f6nlicher Entwicklung weiter gepr\u00e4gt.<\/p><p>Mit seiner Arbeit unterst\u00fctzt Uchenna Selbstst\u00e4ndige und Organisationen beim Aufbau authentischer Sichtbarkeit und wirkungsvoller Markenpr\u00e4senz - mit einem starken Fokus auf Queer Empowerment, Intersektionalit\u00e4t und inklusiver Markenkommunikation.  Seine Mission ist es, Vielfalt als St\u00e4rke im Leben und im Beruf sichtbar zu machen, getreu seinem Motto: Zeig dich, wie du bist. \ud83c\udf1f<\/p>\t\t\t\t\t\t\t\t<\/div>\n\t\t\t\t<\/div>\n\t\t\t\t<\/div>\n\t\t\t\t<\/div>\n\t\t<div class=\"elementor-element elementor-element-6dc50d90 e-flex e-con-boxed e-con e-parent\" data-id=\"6dc50d90\" data-element_type=\"container\" data-e-type=\"container\">\n\t\t\t\t\t<div class=\"e-con-inner\">\n\t\t\t\t<div class=\"elementor-element elementor-element-459095c elementor-widget elementor-widget-heading\" data-id=\"459095c\" data-element_type=\"widget\" data-e-type=\"widget\" data-widget_type=\"heading.default\">\n\t\t\t\t\t<h2 class=\"elementor-heading-title elementor-size-default\">Lass uns Dein n\u00e4chstes Kapitel gestalten.<\/h2>\t\t\t\t<\/div>\n\t\t\t\t<div class=\"elementor-element elementor-element-312f1318 elementor-widget__width-initial elementor-widget elementor-widget-text-editor\" data-id=\"312f1318\" data-element_type=\"widget\" data-e-type=\"widget\" data-widget_type=\"text-editor.default\">\n\t\t\t\t\t\t\t\t\t<p>Ob Du Klarheit, Zuversicht oder Orientierung suchst - wir sind hier, um Dich \u00fcber Grenzen und Einschr\u00e4nkungen hinweg zu unterst\u00fctzen.<\/p>\t\t\t\t\t\t\t\t<\/div>\n\t\t\t\t<div class=\"elementor-element elementor-element-3913940f elementor-align-center elementor-invisible elementor-widget elementor-widget-button\" data-id=\"3913940f\" data-element_type=\"widget\" data-e-type=\"widget\" data-settings=\"{&quot;_animation&quot;:&quot;fadeInDown&quot;}\" data-widget_type=\"button.default\">\n\t\t\t\t\t\t\t\t\t\t<a class=\"elementor-button elementor-button-link elementor-size-sm\" href=\"http:\/\/rooted-beyond.de\/de\/contact-us\/\">\n\t\t\t\t\t\t<span class=\"elementor-button-content-wrapper\">\n\t\t\t\t\t\t\t\t\t<span class=\"elementor-button-text\">Jetzt Kontakt aufnehmen<\/span>\n\t\t\t\t\t<\/span>\n\t\t\t\t\t<\/a>\n\t\t\t\t\t\t\t\t<\/div>\n\t\t\t\t\t<\/div>\n\t\t\t\t<\/div>\n\t\t\t\t<\/div>","protected":false},"excerpt":{"rendered":"<p>About Us Rooted Beyond was founded with the intention of creating a safe, affirming space for growth and orientation. We support queer and migrant individuals as they navigate professional paths, identity questions and life transitions across cultures. Our work is grounded in cultural sensitivity, trust and genuine human connection. We take the time to understand&#8230;<\/p>","protected":false},"author":1,"featured_media":39,"parent":0,"menu_order":0,"comment_status":"closed","ping_status":"closed","template":"elementor_header_footer","meta":{"_kadence_starter_templates_imported_post":false,"_kad_post_transparent":"","_kad_post_title":"","_kad_post_layout":"","_kad_post_sidebar_id":"","_kad_post_content_style":"","_kad_post_vertical_padding":"","_kad_post_feature":"","_kad_post_feature_position":"","_kad_post_header":false,"_kad_post_footer":false,"_kad_post_classname":"","footnotes":""},"class_list":["post-32","page","type-page","status-publish","has-post-thumbnail","hentry"],"_links":{"self":[{"href":"https:\/\/rooted-beyond.de\/de\/wp-json\/wp\/v2\/pages\/32","targetHints":{"allow":["GET"]}}],"collection":[{"href":"https:\/\/rooted-beyond.de\/de\/wp-json\/wp\/v2\/pages"}],"about":[{"href":"https:\/\/rooted-beyond.de\/de\/wp-json\/wp\/v2\/types\/page"}],"author":[{"embeddable":true,"href":"https:\/\/rooted-beyond.de\/de\/wp-json\/wp\/v2\/users\/1"}],"replies":[{"embeddable":true,"href":"https:\/\/rooted-beyond.de\/de\/wp-json\/wp\/v2\/comments?post=32"}],"version-history":[{"count":10,"href":"https:\/\/rooted-beyond.de\/de\/wp-json\/wp\/v2\/pages\/32\/revisions"}],"predecessor-version":[{"id":455,"href":"https:\/\/rooted-beyond.de\/de\/wp-json\/wp\/v2\/pages\/32\/revisions\/455"}],"wp:featuredmedia":[{"embeddable":true,"href":"https:\/\/rooted-beyond.de\/de\/wp-json\/wp\/v2\/media\/39"}],"wp:attachment":[{"href":"https:\/\/rooted-beyond.de\/de\/wp-json\/wp\/v2\/media?parent=32"}],"curies":[{"name":"wp","href":"https:\/\/api.w.org\/{rel}","templated":true}]}}