{"id":324,"date":"2026-01-06T20:49:44","date_gmt":"2026-01-06T19:49:44","guid":{"rendered":"https:\/\/rooted-beyond.de\/?page_id=324"},"modified":"2026-01-06T20:52:09","modified_gmt":"2026-01-06T19:52:09","slug":"legal-notice-imprint","status":"publish","type":"page","link":"https:\/\/rooted-beyond.de\/de\/legal-notice-imprint\/","title":{"rendered":"Rechtliche Hinweise (Impressum)"},"content":{"rendered":"<div data-elementor-type=\"wp-page\" data-elementor-id=\"324\" class=\"elementor elementor-324\">\n\t\t\t\t<div class=\"elementor-element elementor-element-20626ef6 e-flex e-con-boxed e-con e-parent\" data-id=\"20626ef6\" data-element_type=\"container\" data-e-type=\"container\">\n\t\t\t\t\t<div class=\"e-con-inner\">\n\t\t\t\t<div class=\"elementor-element elementor-element-393fbf8c elementor-widget elementor-widget-text-editor\" data-id=\"393fbf8c\" data-element_type=\"widget\" data-e-type=\"widget\" data-widget_type=\"text-editor.default\">\n\t\t\t\t\t\t\t\t\t<p data-start=\"397\" data-end=\"451\">Informationen gem\u00e4\u00df \u00a7 5 Telemediengesetz (TMG)<\/p><h2 data-start=\"453\" data-end=\"472\">Dienstanbieter<\/h2><p data-start=\"474\" data-end=\"507\"><strong data-start=\"474\" data-end=\"491\">Rooted Beyond<\/strong><br data-start=\"491\" data-end=\"494\" \/>ist eine Marke von<\/p><p data-start=\"509\" data-end=\"553\"><strong data-start=\"509\" data-end=\"553\">Thorsten L\u00f6ffler - Coaching &amp; Beratung<\/strong><\/p><p data-start=\"555\" data-end=\"597\">Markgrafenstr. 56<br data-start=\"572\" data-end=\"575\" \/>10117 Berlin<br data-start=\"587\" data-end=\"590\" \/>Deutschland<\/p><p data-start=\"599\" data-end=\"682\">Telefon: +49 30 81898418<br data-start=\"621\" data-end=\"624\" \/>Mobil: +49 176 23638460<br data-start=\"648\" data-end=\"651\" \/>E-Mail: <a class=\"decorated-link cursor-pointer\" rel=\"noopener\" data-start=\"658\" data-end=\"680\">hello@rooted-beyond.de<\/a><\/p><h2 data-start=\"689\" data-end=\"715\">Verantwortlich f\u00fcr den Inhalt<\/h2><p data-start=\"717\" data-end=\"776\">Verantwortlich f\u00fcr den Inhalt gem\u00e4\u00df \u00a7 55 Abs. 2 RStV:<\/p><p data-start=\"778\" data-end=\"843\"><strong data-start=\"778\" data-end=\"798\">Thorsten L\u00f6ffler<\/strong><br data-start=\"798\" data-end=\"801\" \/>Markgrafenstr. 56<br data-start=\"818\" data-end=\"821\" \/>10117 Berlin<br data-start=\"833\" data-end=\"836\" \/>Deutschland<\/p><h2 data-start=\"850\" data-end=\"870\">Gesch\u00e4ftliche T\u00e4tigkeit<\/h2><p data-start=\"872\" data-end=\"1022\">Coaching, Beratung und Bildungsangebote mit den Schwerpunkten pers\u00f6nliche Entwicklung, berufliche Orientierung, Identit\u00e4tsarbeit und Integrationsf\u00f6rderung.<\/p><h2 data-start=\"1029\" data-end=\"1047\">Mehrwertsteuer-Informationen<\/h2><p data-start=\"1049\" data-end=\"1210\">Umsatzsteuer-Identifikationsnummer gem\u00e4\u00df \u00a7 27a des deutschen Umsatzsteuergesetzes:<br data-start=\"1116\" data-end=\"1119\" \/>DE322963629<\/p><h2 data-start=\"1217\" data-end=\"1254\">Haftungsausschluss - Haftung f\u00fcr Inhalte<\/h2><p data-start=\"1256\" data-end=\"1405\">Die Inhalte unserer Seiten wurden mit gr\u00f6\u00dfter Sorgfalt erstellt. F\u00fcr die Richtigkeit, Vollst\u00e4ndigkeit und Aktualit\u00e4t der Inhalte k\u00f6nnen wir jedoch keine Gew\u00e4hr \u00fcbernehmen.<\/p><p data-start=\"1407\" data-end=\"1650\">Als Diensteanbieter sind wir f\u00fcr eigene Inhalte auf diesen Seiten nach den allgemeinen Gesetzen verantwortlich. Wir sind nicht verpflichtet, \u00fcbermittelte oder gespeicherte fremde Informationen zu \u00fcberwachen oder nach Umst\u00e4nden zu forschen, die auf eine rechtswidrige T\u00e4tigkeit hinweisen.<\/p><h2 data-start=\"1657\" data-end=\"1692\">Haftungsausschluss - Haftung f\u00fcr Links<\/h2><p data-start=\"1694\" data-end=\"1869\">Unsere Website enth\u00e4lt Links zu externen Webseiten Dritter. Wir haben keinen Einfluss auf den Inhalt dieser Websites und k\u00f6nnen daher keine Haftung f\u00fcr deren Inhalt \u00fcbernehmen.<\/p><p data-start=\"1871\" data-end=\"1967\">F\u00fcr die Inhalte der verlinkten Seiten ist stets der jeweilige Anbieter oder Betreiber der Seiten verantwortlich.<\/p><h2 data-start=\"1974\" data-end=\"1986\">Urheberrecht<\/h2><p data-start=\"1988\" data-end=\"2091\">Die durch die Seitenbetreiber erstellten Inhalte und Werke auf diesen Seiten unterliegen dem deutschen Urheberrecht.<\/p><p data-start=\"2093\" data-end=\"2276\">Die Vervielf\u00e4ltigung, Bearbeitung, Verbreitung und jede Art der Verwertung au\u00dferhalb der Grenzen des Urheberrechtes bed\u00fcrfen der schriftlichen Zustimmung des jeweiligen Autors bzw. Erstellers.<\/p><h2 data-start=\"2283\" data-end=\"2311\">Online-Streitbeilegung<\/h2><p data-start=\"2313\" data-end=\"2430\">Die Europ\u00e4ische Kommission stellt eine Plattform f\u00fcr die Online-Streitbeilegung (ODR) zur Verf\u00fcgung:<br data-start=\"2393\" data-end=\"2396\" \/><a class=\"decorated-link cursor-pointer\" target=\"_new\" rel=\"noopener\" data-start=\"2396\" data-end=\"2430\">https:\/\/ec.europa.eu\/consumers\/odr<\/a><\/p><p data-start=\"2432\" data-end=\"2547\">Wir sind nicht bereit oder verpflichtet, an einem Streitbeilegungsverfahren vor einer Verbraucherschlichtungsstelle teilzunehmen.<\/p>\t\t\t\t\t\t\t\t<\/div>\n\t\t\t\t\t<\/div>\n\t\t\t\t<\/div>\n\t\t\t\t<\/div>","protected":false},"excerpt":{"rendered":"<p>Informationen gem\u00e4\u00df \u00a7 5 Telemediengesetz (TMG) Dienstanbieter Rooted Beyondist eine Marke von Thorsten L\u00f6ffler - Coaching &amp; Consulting Markgrafenstr. 5610117 BerlinDeutschland Telefon: +49 30 81898418Mobil: +49 176 23638460Email: hello@rooted-beyond.de Verantwortlich f\u00fcr den Inhalt Verantwortlich f\u00fcr den Inhalt gem\u00e4\u00df \u00a7 55 Abs. 2 RStV: Thorsten L\u00f6fflerMarkgrafenstr. 5610117 BerlinDeutschland Gesch\u00e4ftst\u00e4tigkeit Coaching, Beratung,...<\/p>","protected":false},"author":1,"featured_media":0,"parent":0,"menu_order":0,"comment_status":"closed","ping_status":"open","template":"","meta":{"_kadence_starter_templates_imported_post":false,"_kad_post_transparent":"","_kad_post_title":"","_kad_post_layout":"","_kad_post_sidebar_id":"","_kad_post_content_style":"","_kad_post_vertical_padding":"","_kad_post_feature":"","_kad_post_feature_position":"","_kad_post_header":false,"_kad_post_footer":false,"_kad_post_classname":"","footnotes":""},"class_list":["post-324","page","type-page","status-publish","hentry"],"_links":{"self":[{"href":"https:\/\/rooted-beyond.de\/de\/wp-json\/wp\/v2\/pages\/324","targetHints":{"allow":["GET"]}}],"collection":[{"href":"https:\/\/rooted-beyond.de\/de\/wp-json\/wp\/v2\/pages"}],"about":[{"href":"https:\/\/rooted-beyond.de\/de\/wp-json\/wp\/v2\/types\/page"}],"author":[{"embeddable":true,"href":"https:\/\/rooted-beyond.de\/de\/wp-json\/wp\/v2\/users\/1"}],"replies":[{"embeddable":true,"href":"https:\/\/rooted-beyond.de\/de\/wp-json\/wp\/v2\/comments?post=324"}],"version-history":[{"count":4,"href":"https:\/\/rooted-beyond.de\/de\/wp-json\/wp\/v2\/pages\/324\/revisions"}],"predecessor-version":[{"id":328,"href":"https:\/\/rooted-beyond.de\/de\/wp-json\/wp\/v2\/pages\/324\/revisions\/328"}],"wp:attachment":[{"href":"https:\/\/rooted-beyond.de\/de\/wp-json\/wp\/v2\/media?parent=324"}],"curies":[{"name":"wp","href":"https:\/\/api.w.org\/{rel}","templated":true}]}}